{"id":2,"date":"2016-05-10T03:48:21","date_gmt":"2016-05-10T03:48:21","guid":{"rendered":"http:\/\/cakirdekorled.com\/?page_id=2"},"modified":"2022-02-28T06:17:04","modified_gmt":"2022-02-28T06:17:04","slug":"sample-page","status":"publish","type":"page","link":"http:\/\/www.cakirdekorled.com\/?page_id=2","title":{"rendered":"LED TABELA"},"content":{"rendered":"<div data-colibri-id=\"2-c1\" class=\"style-257 style-local-2-c1 position-relative\">\n  <!---->\n  <div data-colibri-component=\"section\" data-colibri-id=\"2-c2\" id=\"initial-content\" class=\"h-section h-section-global-spacing d-flex align-items-lg-center align-items-md-center align-items-center style-258 style-local-2-c2 position-relative\">\n    <!---->\n    <!---->\n    <div class=\"h-section-grid-container h-section-boxed-container\">\n      <!---->\n      <div data-colibri-id=\"2-c3\" class=\"h-row-container gutters-row-lg-2 gutters-row-md-2 gutters-row-0 gutters-row-v-lg-2 gutters-row-v-md-2 gutters-row-v-2 style-259 style-local-2-c3 position-relative\">\n        <!---->\n        <div class=\"h-row justify-content-lg-center justify-content-md-center justify-content-center align-items-lg-stretch align-items-md-stretch align-items-stretch gutters-col-lg-2 gutters-col-md-2 gutters-col-0 gutters-col-v-lg-2 gutters-col-v-md-2 gutters-col-v-2\">\n          <!---->\n          <div class=\"h-column h-column-container d-flex h-col-lg-auto h-col-md-auto h-col-auto style-262-outer style-local-2-c4-outer\">\n            <div data-colibri-id=\"2-c4\" class=\"d-flex h-flex-basis h-column__inner h-px-lg-2 h-px-md-2 h-px-2 v-inner-lg-2 v-inner-md-2 v-inner-2 style-262 style-local-2-c4 position-relative\">\n              <!---->\n              <!---->\n              <div class=\"w-100 h-y-container h-column__content h-column__v-align flex-basis-100 align-self-lg-start align-self-md-start align-self-start\">\n                <!---->\n                <div data-colibri-id=\"2-c5\" class=\"d-block style-316 style-local-2-c5 position-relative h-element\">\n                  <!---->\n                  <div class=\"h-image__frame-container-outer\">\n                    <div class=\"h-image__frame-container\">\n                      <!---->\n                      <!---->\n                      <img loading=\"lazy\" width=\"368\" height=\"226\" src=\"http:\/\/www.cakirdekorled.com\/wp-content\/uploads\/2022\/01\/cakir-dekor-led-2.png\" class=\"wp-image-279 style-316-image style-local-2-c5-image\" srcset=\"http:\/\/www.cakirdekorled.com\/wp-content\/uploads\/2022\/01\/cakir-dekor-led-2.png 368w, http:\/\/www.cakirdekorled.com\/wp-content\/uploads\/2022\/01\/cakir-dekor-led-2-300x184.png 300w\" sizes=\"(max-width: 368px) 100vw, 368px\" alt=\"\" \/>\n                      <div class=\"h-image__frame h-hide-lg h-hide-md h-hide-sm style-316-frameImage style-local-2-c5-frameImage\"><\/div>\n                    <\/div>\n                  <\/div>\n                <\/div>\n                <div data-colibri-id=\"2-c6\" class=\"h-text h-text-component style-318 style-local-2-c6 position-relative h-element\">\n                  <!---->\n                  <!---->\n                  <div class=\"\">\n                    <p>I\u015eIKLI TABELA, KUTU HARF<\/p>\n                    <p>En \u00e7ok kullan\u0131lan tabela \u00f6rne\u011fidir, genellikle pleksiglass malzeme kullan\u0131larak al\u00fcminyum kompozit panel \u00fczerine uygulanmaktad\u0131r. \u00d6nden ayd\u0131nlatmal\u0131, yandan ayd\u0131nlatmal\u0131 veya arkadan (en direkt) ayd\u0131nlatmal\u0131 olarak ayd\u0131nlatma se\u00e7enekleri\n                      mevcuttur.&nbsp;<\/p>\n                    <p><span style=\"color: rgb(102, 102, 102); font-family: &quot;Open Sans&quot;; font-size: 16px; font-weight: 400;\">\u00c7AKIR LED D\u00dcNYASI<\/span><\/p>\n                  <\/div>\n                <\/div>\n              <\/div>\n            <\/div>\n          <\/div>\n        <\/div>\n      <\/div>\n      <div data-colibri-id=\"2-c7\" class=\"h-row-container gutters-row-lg-2 gutters-row-md-2 gutters-row-0 gutters-row-v-lg-2 gutters-row-v-md-2 gutters-row-v-2 style-319 style-local-2-c7 position-relative\">\n        <!---->\n        <div class=\"h-row justify-content-lg-center justify-content-md-center justify-content-center align-items-lg-stretch align-items-md-stretch align-items-stretch gutters-col-lg-2 gutters-col-md-2 gutters-col-0 gutters-col-v-lg-2 gutters-col-v-md-2 gutters-col-v-2\">\n          <!---->\n          <div class=\"h-column h-column-container d-flex h-col-lg-auto h-col-md-auto h-col-auto style-320-outer style-local-2-c8-outer\">\n            <div data-colibri-id=\"2-c8\" class=\"d-flex h-flex-basis h-column__inner h-px-lg-2 h-px-md-2 h-px-2 v-inner-lg-2 v-inner-md-2 v-inner-2 style-320 style-local-2-c8 position-relative\">\n              <!---->\n              <!---->\n              <div class=\"w-100 h-y-container h-column__content h-column__v-align flex-basis-100 align-self-lg-start align-self-md-start align-self-start\">\n                <!---->\n                <div data-colibri-id=\"2-c9\" class=\"d-block style-321 style-local-2-c9 position-relative h-element\">\n                  <!---->\n                  <div class=\"h-image__frame-container-outer\">\n                    <div class=\"h-image__frame-container\">\n                      <!---->\n                      <!---->\n                      <img loading=\"lazy\" width=\"1438\" height=\"893\" src=\"http:\/\/www.cakirdekorled.com\/wp-content\/uploads\/2022\/02\/cropped-1644759937336.jpg\" class=\"wp-image-321 style-321-image style-local-2-c9-image\" srcset=\"http:\/\/www.cakirdekorled.com\/wp-content\/uploads\/2022\/02\/cropped-1644759937336.jpg 1438w, http:\/\/www.cakirdekorled.com\/wp-content\/uploads\/2022\/02\/cropped-1644759937336-300x186.jpg 300w, http:\/\/www.cakirdekorled.com\/wp-content\/uploads\/2022\/02\/cropped-1644759937336-1024x636.jpg 1024w, http:\/\/www.cakirdekorled.com\/wp-content\/uploads\/2022\/02\/cropped-1644759937336-768x477.jpg 768w\" sizes=\"(max-width: 1438px) 100vw, 1438px\" alt=\"\" \/>\n                      <div class=\"h-image__frame h-hide-lg h-hide-md h-hide-sm style-321-frameImage style-local-2-c9-frameImage\"><\/div>\n                    <\/div>\n                  <\/div>\n                <\/div>\n              <\/div>\n            <\/div>\n          <\/div>\n          <div class=\"h-column h-column-container d-flex h-col-lg-auto h-col-md-auto h-col-auto style-322-outer style-local-2-c10-outer\">\n            <div data-colibri-id=\"2-c10\" class=\"d-flex h-flex-basis h-column__inner h-px-lg-2 h-px-md-2 h-px-2 v-inner-lg-2 v-inner-md-2 v-inner-2 style-322 style-local-2-c10 position-relative\">\n              <!---->\n              <!---->\n              <div class=\"w-100 h-y-container h-column__content h-column__v-align flex-basis-100 align-self-lg-start align-self-md-start align-self-start\">\n                <!---->\n                <div data-colibri-id=\"2-c12\" class=\"d-block style-324 style-local-2-c12 position-relative h-element\">\n                  <!---->\n                  <div class=\"h-image__frame-container-outer\">\n                    <div class=\"h-image__frame-container\">\n                      <!---->\n                      <!---->\n                      <img loading=\"lazy\" width=\"1998\" height=\"1583\" src=\"http:\/\/www.cakirdekorled.com\/wp-content\/uploads\/2022\/02\/cropped-1644759937021-scaled-2.jpg\" class=\"wp-image-324 style-324-image style-local-2-c12-image\" srcset=\"http:\/\/www.cakirdekorled.com\/wp-content\/uploads\/2022\/02\/cropped-1644759937021-scaled-2.jpg 1998w, http:\/\/www.cakirdekorled.com\/wp-content\/uploads\/2022\/02\/cropped-1644759937021-scaled-2-300x238.jpg 300w, http:\/\/www.cakirdekorled.com\/wp-content\/uploads\/2022\/02\/cropped-1644759937021-scaled-2-1024x811.jpg 1024w, http:\/\/www.cakirdekorled.com\/wp-content\/uploads\/2022\/02\/cropped-1644759937021-scaled-2-768x608.jpg 768w, http:\/\/www.cakirdekorled.com\/wp-content\/uploads\/2022\/02\/cropped-1644759937021-scaled-2-1536x1217.jpg 1536w\" sizes=\"(max-width: 1998px) 100vw, 1998px\" alt=\"\" \/>\n                      <div class=\"h-image__frame h-hide-lg h-hide-md h-hide-sm style-324-frameImage style-local-2-c12-frameImage\"><\/div>\n                    <\/div>\n                  <\/div>\n                <\/div>\n              <\/div>\n            <\/div>\n          <\/div>\n          <div class=\"h-column h-column-container d-flex h-col-lg-auto h-col-md-auto h-col-auto style-325-outer style-local-2-c13-outer\">\n            <div data-colibri-id=\"2-c13\" class=\"d-flex h-flex-basis h-column__inner h-px-lg-2 h-px-md-2 h-px-2 v-inner-lg-2 v-inner-md-2 v-inner-2 style-325 style-local-2-c13 position-relative\">\n              <!---->\n              <!---->\n              <div class=\"w-100 h-y-container h-column__content h-column__v-align flex-basis-100 align-self-lg-start align-self-md-start align-self-start\">\n                <!---->\n                <div data-colibri-id=\"2-c17\" class=\"d-block style-329 style-local-2-c17 position-relative h-element\">\n                  <!---->\n                  <div class=\"h-image__frame-container-outer\">\n                    <div class=\"h-image__frame-container\">\n                      <!---->\n                      <!---->\n                      <img loading=\"lazy\" width=\"1921\" height=\"1924\" src=\"http:\/\/www.cakirdekorled.com\/wp-content\/uploads\/2022\/02\/cropped-cropped-1644759936954-scaled-1.jpg\" class=\"wp-image-327 style-329-image style-local-2-c17-image\" srcset=\"http:\/\/www.cakirdekorled.com\/wp-content\/uploads\/2022\/02\/cropped-cropped-1644759936954-scaled-1.jpg 1921w, http:\/\/www.cakirdekorled.com\/wp-content\/uploads\/2022\/02\/cropped-cropped-1644759936954-scaled-1-300x300.jpg 300w, http:\/\/www.cakirdekorled.com\/wp-content\/uploads\/2022\/02\/cropped-cropped-1644759936954-scaled-1-1022x1024.jpg 1022w, http:\/\/www.cakirdekorled.com\/wp-content\/uploads\/2022\/02\/cropped-cropped-1644759936954-scaled-1-150x150.jpg 150w, http:\/\/www.cakirdekorled.com\/wp-content\/uploads\/2022\/02\/cropped-cropped-1644759936954-scaled-1-768x769.jpg 768w, http:\/\/www.cakirdekorled.com\/wp-content\/uploads\/2022\/02\/cropped-cropped-1644759936954-scaled-1-1534x1536.jpg 1534w\" sizes=\"(max-width: 1921px) 100vw, 1921px\" alt=\"\" \/>\n                      <div class=\"h-image__frame h-hide-lg h-hide-md h-hide-sm style-329-frameImage style-local-2-c17-frameImage\"><\/div>\n                    <\/div>\n                  <\/div>\n                <\/div>\n              <\/div>\n            <\/div>\n          <\/div>\n        <\/div>\n      <\/div>\n      <div data-colibri-id=\"2-c18\" class=\"h-row-container gutters-row-lg-2 gutters-row-md-2 gutters-row-0 gutters-row-v-lg-2 gutters-row-v-md-2 gutters-row-v-2 style-330 style-local-2-c18 position-relative\">\n        <!---->\n        <div class=\"h-row justify-content-lg-center justify-content-md-center justify-content-center align-items-lg-stretch align-items-md-stretch align-items-stretch gutters-col-lg-2 gutters-col-md-2 gutters-col-0 gutters-col-v-lg-2 gutters-col-v-md-2 gutters-col-v-2\">\n          <!---->\n          <div class=\"h-column h-column-container d-flex h-col-lg-auto h-col-md-auto h-col-auto style-331-outer style-local-2-c19-outer\">\n            <div data-colibri-id=\"2-c19\" class=\"d-flex h-flex-basis h-column__inner h-px-lg-2 h-px-md-2 h-px-2 v-inner-lg-2 v-inner-md-2 v-inner-2 style-331 style-local-2-c19 position-relative\">\n              <!---->\n              <!---->\n              <div class=\"w-100 h-y-container h-column__content h-column__v-align flex-basis-100 align-self-lg-start align-self-md-start align-self-start\">\n                <!---->\n                <div data-colibri-id=\"2-c20\" class=\"d-block style-332 style-local-2-c20 position-relative h-element\">\n                  <!---->\n                  <div class=\"h-image__frame-container-outer\">\n                    <div class=\"h-image__frame-container\">\n                      <!---->\n                      <!---->\n                      <img loading=\"lazy\" width=\"1921\" height=\"1924\" src=\"http:\/\/www.cakirdekorled.com\/wp-content\/uploads\/2022\/02\/cropped-1644759936975-scaled-1.jpg\" class=\"wp-image-329 style-332-image style-local-2-c20-image\" srcset=\"http:\/\/www.cakirdekorled.com\/wp-content\/uploads\/2022\/02\/cropped-1644759936975-scaled-1.jpg 1921w, http:\/\/www.cakirdekorled.com\/wp-content\/uploads\/2022\/02\/cropped-1644759936975-scaled-1-300x300.jpg 300w, http:\/\/www.cakirdekorled.com\/wp-content\/uploads\/2022\/02\/cropped-1644759936975-scaled-1-1022x1024.jpg 1022w, http:\/\/www.cakirdekorled.com\/wp-content\/uploads\/2022\/02\/cropped-1644759936975-scaled-1-150x150.jpg 150w, http:\/\/www.cakirdekorled.com\/wp-content\/uploads\/2022\/02\/cropped-1644759936975-scaled-1-768x769.jpg 768w, http:\/\/www.cakirdekorled.com\/wp-content\/uploads\/2022\/02\/cropped-1644759936975-scaled-1-1534x1536.jpg 1534w\" sizes=\"(max-width: 1921px) 100vw, 1921px\" alt=\"\" \/>\n                      <div class=\"h-image__frame h-hide-lg h-hide-md h-hide-sm style-332-frameImage style-local-2-c20-frameImage\"><\/div>\n                    <\/div>\n                  <\/div>\n                <\/div>\n              <\/div>\n            <\/div>\n          <\/div>\n        <\/div>\n      <\/div>\n      <div data-colibri-id=\"2-c14\" class=\"h-row-container gutters-row-lg-2 gutters-row-md-2 gutters-row-0 gutters-row-v-lg-2 gutters-row-v-md-2 gutters-row-v-2 style-326 style-local-2-c14 position-relative\">\n        <!---->\n        <div class=\"h-row justify-content-lg-center justify-content-md-center justify-content-center align-items-lg-stretch align-items-md-stretch align-items-stretch gutters-col-lg-2 gutters-col-md-2 gutters-col-0 gutters-col-v-lg-2 gutters-col-v-md-2 gutters-col-v-2\">\n          <!---->\n          <div class=\"h-column h-column-container d-flex h-col-lg-auto h-col-md-auto h-col-auto style-327-outer style-local-2-c15-outer\">\n            <div data-colibri-id=\"2-c15\" class=\"d-flex h-flex-basis h-column__inner h-ui-empty-state-container h-px-lg-2 h-px-md-2 h-px-2 v-inner-lg-2 v-inner-md-2 v-inner-2 style-327 style-local-2-c15 position-relative\">\n              <!---->\n              <!---->\n              <div class=\"w-100 h-y-container h-column__content h-column__v-align flex-basis-100\">\n                <!---->\n              <\/div>\n            <\/div>\n          <\/div>\n        <\/div>\n      <\/div>\n      <div data-colibri-id=\"2-c21\" class=\"h-row-container gutters-row-lg-2 gutters-row-md-2 gutters-row-0 gutters-row-v-lg-2 gutters-row-v-md-2 gutters-row-v-2 style-335 style-local-2-c21 position-relative\">\n        <!---->\n        <div class=\"h-row justify-content-lg-center justify-content-md-center justify-content-center align-items-lg-stretch align-items-md-stretch align-items-stretch gutters-col-lg-2 gutters-col-md-2 gutters-col-0 gutters-col-v-lg-2 gutters-col-v-md-2 gutters-col-v-2\">\n          <!---->\n          <div class=\"h-column h-column-container d-flex h-col-lg-auto h-col-md-auto h-col-auto style-336-outer style-local-2-c22-outer\">\n            <div data-colibri-id=\"2-c22\" class=\"d-flex h-flex-basis h-column__inner h-px-lg-2 h-px-md-2 h-px-2 v-inner-lg-2 v-inner-md-2 v-inner-2 style-336 style-local-2-c22 position-relative\">\n              <!---->\n              <!---->\n              <div class=\"w-100 h-y-container h-column__content h-column__v-align flex-basis-100 align-self-lg-start align-self-md-start align-self-start\">\n                <!---->\n                <div data-colibri-component=\"dropdown-menu\" role=\"navigation\" h-use-smooth-scroll-all=\"true\" data-colibri-id=\"2-c23\" class=\"h-menu h-global-transition-all h-ignore-global-body-typography has-offcanvas-mobile h-menu-horizontal h-dropdown-menu style-334 style-local-2-c23 position-relative h-element\">\n                  <!---->\n                  <div class=\"h-global-transition-all h-main-menu\"><div class=\"colibri-menu-container\"><ul id=\"menu-led-tabela\" class=\"colibri-menu bordered-active-item bordered-active-item--bottom effect-borders-grow grow-from-left\"><li id=\"menu-item-124\" class=\"menu-item menu-item-type-custom menu-item-object-custom menu-item-124\"><a href=\"http:\/\/cakirdekorled.com\/#page-top\">\u00c7AKIR DEKOR<\/a><\/li>\n<li id=\"menu-item-134\" class=\"menu-item menu-item-type-post_type menu-item-object-page menu-item-134\"><a href=\"http:\/\/www.cakirdekorled.com\/?page_id=2\">LED TABELA<\/a><\/li>\n<\/ul><\/div><\/div>\n                  <div data-colibri-id=\"2-c24\" class=\"h-mobile-menu h-global-transition-disable style-337 style-local-2-c24 position-relative h-element\">\n                    <!---->\n                    <a data-click-outside=\"true\" data-target=\"#offcanvas-wrapper-2-c24\" data-target-id=\"offcanvas-wrapper-2-c24\" data-offcanvas-overlay-id=\"offcanvas-overlay-2-c24\" href=\"#\" data-colibri-component=\"offcanvas\" data-direction=\"right\" data-push=\"false\"\n                      title=\"Menu\" class=\"h-hamburger-button\">\n                      <div class=\"icon-container h-hamburger-icon\">\n                        <div class=\"h-icon-svg\" style=\"width: 100%; height: 100%;\">\n                          <!--Icon by Font Awesome (https:\/\/fontawesome.com)-->\n                          <svg version=\"1.1\" xmlns=\"http:\/\/www.w3.org\/2000\/svg\" xmlns:xlink=\"http:\/\/www.w3.org\/1999\/xlink\" id=\"bars\" viewBox=\"0 0 1536 1896.0833\">\n                            <path d=\"M1536 1344v128q0 26-19 45t-45 19H64q-26 0-45-19t-19-45v-128q0-26 19-45t45-19h1408q26 0 45 19t19 45zm0-512v128q0 26-19 45t-45 19H64q-26 0-45-19T0 960V832q0-26 19-45t45-19h1408q26 0 45 19t19 45zm0-512v128q0 26-19 45t-45 19H64q-26 0-45-19T0 448V320q0-26 19-45t45-19h1408q26 0 45 19t19 45z\"><\/path>\n                          <\/svg>\n                        <\/div>\n                      <\/div>\n                    <\/a>\n                    <div id=\"offcanvas-wrapper-2-c24\" class=\"h-offcanvas-panel offcanvas offcanvas-right hide force-hide style-337-offscreen style-local-2-c24-offscreen\">\n                      <div data-colibri-id=\"2-c25\" class=\"d-flex flex-column h-offscreen-panel style-338 style-local-2-c25 position-relative h-element\">\n                        <!---->\n                        <div class=\"offscreen-header h-ui-empty-state-container\">\n                          <div data-colibri-id=\"2-c27\" class=\"h-row-container gutters-row-lg-0 gutters-row-md-0 gutters-row-0 gutters-row-v-lg-0 gutters-row-v-md-0 gutters-row-v-0 style-340 style-local-2-c27 position-relative\">\n                            <!---->\n                            <div class=\"h-row justify-content-lg-center justify-content-md-center justify-content-center align-items-lg-stretch align-items-md-stretch align-items-stretch gutters-col-lg-0 gutters-col-md-0 gutters-col-0 gutters-col-v-lg-0 gutters-col-v-md-0 gutters-col-v-0\">\n                              <!---->\n                              <div class=\"h-column h-column-container d-flex h-col-lg h-col-md h-col-auto style-341-outer style-local-2-c28-outer\">\n                                <div data-colibri-id=\"2-c28\" class=\"d-flex h-flex-basis h-column__inner h-px-lg-2 h-px-md-2 h-px-2 v-inner-lg-2 v-inner-md-2 v-inner-2 style-341 style-local-2-c28 position-relative\">\n                                  <!---->\n                                  <!---->\n                                  <div class=\"w-100 h-y-container h-column__content h-column__v-align flex-basis-100 align-self-lg-start align-self-md-start align-self-start\">\n                                    <!---->\n                                    <div data-colibri-id=\"2-c29\" class=\"d-flex align-items-center text-lg-center text-md-center text-center justify-content-lg-center justify-content-md-center justify-content-center style-342 style-local-2-c29 position-relative h-element\">\n                                      <!---->\n                                      <a rel=\"home\" href=\"http:\/\/www.cakirdekorled.com\/\" h-use-smooth-scroll=\"true\" class=\"d-flex align-items-center\">\n                                        <img src=\"http:\/\/www.cakirdekorled.com\/wp-content\/uploads\/2022\/01\/cakir-dekor-led-2.png\" class=\"h-logo__image h-logo__image_h logo-image style-342-image style-local-2-c29-image\" alt=\"\" \/>\n                                        <img src=\"http:\/\/www.cakirdekorled.com\/wp-content\/uploads\/2022\/01\/cropped-cakir-dekor-led-1-2.png\" class=\"h-logo__alt-image h-logo__alt-image_h logo-alt-image style-342-image style-local-2-c29-image\" alt=\"\" \/>\n                                      <\/a>\n                                    <\/div>\n                                  <\/div>\n                                <\/div>\n                              <\/div>\n                            <\/div>\n                          <\/div>\n                        <\/div>\n                        <div class=\"offscreen-content\">\n                          <!---->\n                          <div data-colibri-component=\"accordion-menu\" role=\"navigation\" h-use-smooth-scroll-all=\"true\" data-colibri-id=\"2-c26\" class=\"h-menu h-global-transition-all h-ignore-global-body-typography h-mobile-menu h-menu-accordion style-339 style-local-2-c26 position-relative h-element\">\n                            <!---->\n                            <div class=\"h-global-transition-all h-mobile-menu\"><div class=\"colibri-menu-container\"><ul id=\"menu-led-tabela-1\" class=\"colibri-menu none \"><li class=\"menu-item menu-item-type-custom menu-item-object-custom menu-item-124\"><a href=\"http:\/\/cakirdekorled.com\/#page-top\">\u00c7AKIR DEKOR<\/a><\/li>\n<li class=\"menu-item menu-item-type-post_type menu-item-object-page menu-item-134\"><a href=\"http:\/\/www.cakirdekorled.com\/?page_id=2\">LED TABELA<\/a><\/li>\n<\/ul><\/div><\/div>\n                          <\/div>\n                        <\/div>\n                        <div class=\"offscreen-footer h-ui-empty-state-container\">\n                          <div data-colibri-id=\"2-c30\" class=\"h-row-container gutters-row-lg-0 gutters-row-md-0 gutters-row-0 gutters-row-v-lg-0 gutters-row-v-md-0 gutters-row-v-0 style-343 style-local-2-c30 position-relative\">\n                            <!---->\n                            <div class=\"h-row justify-content-lg-center justify-content-md-center justify-content-center align-items-lg-stretch align-items-md-stretch align-items-stretch gutters-col-lg-0 gutters-col-md-0 gutters-col-0 gutters-col-v-lg-0 gutters-col-v-md-0 gutters-col-v-0\">\n                              <!---->\n                              <div class=\"h-column h-column-container d-flex h-col-lg h-col-md h-col-auto style-344-outer style-local-2-c31-outer\">\n                                <div data-colibri-id=\"2-c31\" class=\"d-flex h-flex-basis h-column__inner h-px-lg-2 h-px-md-2 h-px-2 v-inner-lg-2 v-inner-md-2 v-inner-2 style-344 style-local-2-c31 position-relative\">\n                                  <!---->\n                                  <!---->\n                                  <div class=\"w-100 h-y-container h-column__content h-column__v-align flex-basis-100 align-self-lg-start align-self-md-start align-self-start\">\n                                    <!---->\n                                    <div data-colibri-id=\"2-c32\" class=\"h-text h-text-component style-345 style-local-2-c32 position-relative h-element\">\n                                      <!---->\n                                      <!---->\n                                      <div class=\"\">\n                                        <p>\u00a9 2022<\/p>\n                                      <\/div>\n                                    <\/div>\n                                  <\/div>\n                                <\/div>\n                              <\/div>\n                            <\/div>\n                          <\/div>\n                        <\/div>\n                      <\/div>\n                    <\/div>\n                    <div id=\"offcanvas-overlay-2-c24\" class=\"offscreen-overlay style-337-offscreenOverlay style-local-2-c24-offscreenOverlay\"><\/div>\n                  <\/div>\n                <\/div>\n              <\/div>\n            <\/div>\n          <\/div>\n        <\/div>\n      <\/div>\n    <\/div>\n  <\/div>\n<\/div>","protected":false},"excerpt":{"rendered":"<p>I\u015eIKLI TABELA, KUTU HARF En \u00e7ok kullan\u0131lan tabela \u00f6rne\u011fidir, genellikle pleksiglass malzeme kullan\u0131larak al\u00fcminyum kompozit panel \u00fczerine uygulanmaktad\u0131r. \u00d6nden ayd\u0131nlatmal\u0131, yandan ayd\u0131nlatmal\u0131 veya arkadan (en direkt) ayd\u0131nlatmal\u0131 olarak ayd\u0131nlatma se\u00e7enekleri mevcuttur.&nbsp; \u00c7AKIR LED D\u00dcNYASI \u00a9 2022<\/p>\n","protected":false},"author":1,"featured_media":0,"parent":0,"menu_order":0,"comment_status":"closed","ping_status":"open","template":"page-templates\/full-width-page.php","meta":[],"_links":{"self":[{"href":"http:\/\/www.cakirdekorled.com\/index.php?rest_route=\/wp\/v2\/pages\/2"}],"collection":[{"href":"http:\/\/www.cakirdekorled.com\/index.php?rest_route=\/wp\/v2\/pages"}],"about":[{"href":"http:\/\/www.cakirdekorled.com\/index.php?rest_route=\/wp\/v2\/types\/page"}],"author":[{"embeddable":true,"href":"http:\/\/www.cakirdekorled.com\/index.php?rest_route=\/wp\/v2\/users\/1"}],"replies":[{"embeddable":true,"href":"http:\/\/www.cakirdekorled.com\/index.php?rest_route=%2Fwp%2Fv2%2Fcomments&post=2"}],"version-history":[{"count":7,"href":"http:\/\/www.cakirdekorled.com\/index.php?rest_route=\/wp\/v2\/pages\/2\/revisions"}],"predecessor-version":[{"id":338,"href":"http:\/\/www.cakirdekorled.com\/index.php?rest_route=\/wp\/v2\/pages\/2\/revisions\/338"}],"wp:attachment":[{"href":"http:\/\/www.cakirdekorled.com\/index.php?rest_route=%2Fwp%2Fv2%2Fmedia&parent=2"}],"curies":[{"name":"wp","href":"https:\/\/api.w.org\/{rel}","templated":true}]}}