{"id":12,"date":"2022-01-04T06:32:50","date_gmt":"2022-01-04T06:32:50","guid":{"rendered":"http:\/\/cakirdekorled.com\/?page_id=12"},"modified":"2022-01-10T09:37:29","modified_gmt":"2022-01-10T09:37:29","slug":"brite","status":"publish","type":"page","link":"http:\/\/www.cakirdekorled.com\/","title":{"rendered":"Front Page"},"content":{"rendered":"<div data-colibri-id=\"12-c1\" class=\"style-226 style-local-12-c1 position-relative\">\n  <!---->\n  <div data-colibri-component=\"section\" data-colibri-id=\"12-c2\" id=\"initial-content\" class=\"h-section h-section-global-spacing d-flex align-items-lg-center align-items-md-center align-items-center style-227 style-local-12-c2 position-relative\">\n    <!---->\n    <!---->\n    <div class=\"h-section-grid-container h-section-boxed-container\">\n      <!---->\n      <div data-colibri-id=\"12-c3\" class=\"h-row-container gutters-row-lg-2 gutters-row-md-2 gutters-row-0 gutters-row-v-lg-2 gutters-row-v-md-2 gutters-row-v-2 style-228 style-local-12-c3 position-relative\">\n        <!---->\n        <div class=\"h-row justify-content-lg-center justify-content-md-center justify-content-center align-items-lg-stretch align-items-md-stretch align-items-stretch gutters-col-lg-2 gutters-col-md-2 gutters-col-0 gutters-col-v-lg-2 gutters-col-v-md-2 gutters-col-v-2\">\n          <!---->\n          <div class=\"h-column h-column-container d-flex h-col-lg-auto h-col-md-auto h-col-auto style-229-outer style-local-12-c4-outer\">\n            <div data-colibri-id=\"12-c4\" class=\"d-flex h-flex-basis h-column__inner h-px-lg-2 h-px-md-2 h-px-2 v-inner-lg-2 v-inner-md-2 v-inner-2 style-229 style-local-12-c4 position-relative\">\n              <!---->\n              <!---->\n              <div class=\"w-100 h-y-container h-column__content h-column__v-align flex-basis-100 align-self-lg-start align-self-md-start align-self-start\">\n                <!---->\n                <div data-colibri-id=\"12-c5\" class=\"d-block style-314 style-local-12-c5 position-relative h-element\">\n                  <!---->\n                  <div class=\"h-image__frame-container-outer\">\n                    <a href=\"www.cakirdekorled.com\" h-use-smooth-scroll=\"true\" class=\"image-link\">\n                      <div class=\"h-image__frame-container\">\n                        <!---->\n                        <!---->\n                        <img loading=\"lazy\" width=\"368\" height=\"226\" src=\"http:\/\/www.cakirdekorled.com\/wp-content\/uploads\/2022\/01\/cakir-dekor-led-2.png\" class=\"wp-image-279 style-314-image style-local-12-c5-image\" srcset=\"http:\/\/www.cakirdekorled.com\/wp-content\/uploads\/2022\/01\/cakir-dekor-led-2.png 368w, http:\/\/www.cakirdekorled.com\/wp-content\/uploads\/2022\/01\/cakir-dekor-led-2-300x184.png 300w\" sizes=\"(max-width: 368px) 100vw, 368px\" alt=\"\" \/>\n                        <div class=\"h-image__frame h-hide-lg h-hide-md h-hide-sm style-314-frameImage style-local-12-c5-frameImage\"><\/div>\n                      <\/div>\n                    <\/a>\n                  <\/div>\n                <\/div>\n              <\/div>\n            <\/div>\n          <\/div>\n        <\/div>\n      <\/div>\n    <\/div>\n  <\/div>\n  <div data-colibri-component=\"section\" data-colibri-id=\"12-c6\" id=\"overlappable\" class=\"h-section h-section-global-spacing d-flex align-items-lg-center align-items-md-center align-items-center style-239 style-local-12-c6 position-relative\">\n    <!---->\n    <!---->\n    <div class=\"h-section-grid-container h-section-boxed-container\">\n      <!---->\n      <div data-colibri-id=\"12-c7\" class=\"h-row-container gutters-row-lg-0 gutters-row-md-0 gutters-row-2 gutters-row-v-lg-0 gutters-row-v-md-0 gutters-row-v-2 style-240 style-local-12-c7 position-relative\">\n        <!---->\n        <div class=\"h-row justify-content-lg-center justify-content-md-center justify-content-center align-items-lg-stretch align-items-md-stretch align-items-stretch gutters-col-lg-0 gutters-col-md-0 gutters-col-2 gutters-col-v-lg-0 gutters-col-v-md-0 gutters-col-v-2\">\n          <!---->\n          <div class=\"h-column h-column-container d-flex h-col-lg-3 h-col-md-3 h-col-12 style-241-outer style-local-12-c8-outer\">\n            <div data-colibri-id=\"12-c8\" class=\"d-flex h-flex-basis h-column__inner h-px-lg-3 h-px-md-3 h-px-2 v-inner-lg-3 v-inner-md-3 v-inner-2 style-241 style-local-12-c8 position-relative\">\n              <!---->\n              <!---->\n              <div class=\"w-100 h-y-container h-column__content h-column__v-align flex-basis-100 align-self-lg-center align-self-md-center align-self-center\">\n                <!---->\n                <div data-colibri-id=\"12-c9\" class=\"h-icon style-242 style-local-12-c9 position-relative h-element\">\n                  <!----><span class=\"h-svg-icon h-icon__icon style-242-icon style-local-12-c9-icon\"><!--Icon by Font Awesome (https:\/\/fontawesome.com)--><svg version=\"1.1\" xmlns=\"http:\/\/www.w3.org\/2000\/svg\" xmlns:xlink=\"http:\/\/www.w3.org\/1999\/xlink\" id=\"paper-plane\" viewBox=\"0 0 1792.0013 1896.0833\"><path d=\"M1764 11q33 24 27 64l-256 1536q-5 29-32 45-14 8-31 8-11 0-24-5l-453-185-242 295q-18 23-49 23-13 0-22-4-19-7-30.5-23.5T640 1728v-349l864-1059-1069 925-395-162q-37-14-40-55-2-40 32-59L1696 9q15-9 32-9 20 0 36 11z\"><\/path><\/svg><\/span><\/div>\n                <div\n                  data-colibri-id=\"12-c10\" class=\"h-global-transition-all h-heading style-243 style-local-12-c10 position-relative h-element\">\n                  <!---->\n                  <div class=\"h-heading__outer style-243 style-local-12-c10\">\n                    <!---->\n                    <!---->\n                    <h5 class=\"\">\u00c7AKIR DEKOR LED<\/h5>\n                  <\/div>\n              <\/div>\n              <div data-colibri-id=\"12-c11\" class=\"h-text h-text-component style-244 style-local-12-c11 position-relative h-element\">\n                <!---->\n                <!---->\n                <div class=\"\">\n                  <p>0552 380 30 36<\/p>\n                <\/div>\n              <\/div>\n            <\/div>\n          <\/div>\n        <\/div>\n        <div class=\"h-column h-column-container d-flex h-col-lg-3 h-col-md-3 h-col-12 style-241-outer style-local-12-c12-outer\">\n          <div data-colibri-id=\"12-c12\" class=\"d-flex h-flex-basis h-column__inner h-px-lg-3 h-px-md-3 h-px-2 v-inner-lg-3 v-inner-md-3 v-inner-2 style-241 style-local-12-c12 position-relative\">\n            <!---->\n            <!---->\n            <div class=\"w-100 h-y-container h-column__content h-column__v-align flex-basis-100 align-self-lg-center align-self-md-center align-self-center\">\n              <!---->\n              <div data-colibri-id=\"12-c13\" class=\"h-icon style-242 style-local-12-c13 position-relative h-element\">\n                <!----><span class=\"h-svg-icon h-icon__icon style-242-icon style-local-12-c13-icon\"><!--Icon by Font Awesome (https:\/\/fontawesome.com)--><svg version=\"1.1\" xmlns=\"http:\/\/www.w3.org\/2000\/svg\" xmlns:xlink=\"http:\/\/www.w3.org\/1999\/xlink\" id=\"signal\" viewBox=\"0 0 1792 1896.0833\"><path d=\"M256 1440v192q0 14-9 23t-23 9H32q-14 0-23-9t-9-23v-192q0-14 9-23t23-9h192q14 0 23 9t9 23zm384-128v320q0 14-9 23t-23 9H416q-14 0-23-9t-9-23v-320q0-14 9-23t23-9h192q14 0 23 9t9 23zm384-256v576q0 14-9 23t-23 9H800q-14 0-23-9t-9-23v-576q0-14 9-23t23-9h192q14 0 23 9t9 23zm384-384v960q0 14-9 23t-23 9h-192q-14 0-23-9t-9-23V672q0-14 9-23t23-9h192q14 0 23 9t9 23zm384-512v1472q0 14-9 23t-23 9h-192q-14 0-23-9t-9-23V160q0-14 9-23t23-9h192q14 0 23 9t9 23z\"><\/path><\/svg><\/span><\/div>\n              <div\n                data-colibri-id=\"12-c14\" class=\"h-global-transition-all h-heading style-243 style-local-12-c14 position-relative h-element\">\n                <!---->\n                <div class=\"h-heading__outer style-243 style-local-12-c14\">\n                  <!---->\n                  <!---->\n                  <h5 class=\"\">DEKOR LED<\/h5>\n                <\/div>\n            <\/div>\n            <div data-colibri-id=\"12-c15\" class=\"h-text h-text-component style-244 style-local-12-c15 position-relative h-element\">\n              <!---->\n              <!---->\n              <div class=\"\">\n                <p><span style=\"font-weight: 400; font-size: 16px; font-family: &quot;Open Sans&quot;; color: rgb(102, 102, 102);\">0552 380 30 36<\/span><\/p>\n              <\/div>\n            <\/div>\n          <\/div>\n        <\/div>\n      <\/div>\n      <div class=\"h-column h-column-container d-flex h-col-lg-3 h-col-md-3 h-col-12 style-241-outer style-local-12-c16-outer\">\n        <div data-colibri-id=\"12-c16\" class=\"d-flex h-flex-basis h-column__inner h-px-lg-3 h-px-md-3 h-px-2 v-inner-lg-3 v-inner-md-3 v-inner-2 style-241 style-local-12-c16 position-relative\">\n          <!---->\n          <!---->\n          <div class=\"w-100 h-y-container h-column__content h-column__v-align flex-basis-100 align-self-lg-center align-self-md-center align-self-center\">\n            <!---->\n            <div data-colibri-id=\"12-c17\" class=\"h-icon style-242 style-local-12-c17 position-relative h-element\">\n              <!----><span class=\"h-svg-icon h-icon__icon style-242-icon style-local-12-c17-icon\"><!--Icon by Icons8 Line Awesome (https:\/\/icons8.com\/line-awesome)--><svg version=\"1.1\" xmlns=\"http:\/\/www.w3.org\/2000\/svg\" xmlns:xlink=\"http:\/\/www.w3.org\/1999\/xlink\" id=\"cubes\" viewBox=\"0 0 512 545.5\"><path d=\"M256 96l6 2.5 96 38.5 10 4v107.5l86.5 37.5 9.5 4.5v129l-8 5-96 53.5-7.5 4-7.5-3.5-89-44.5-89 44.5-7.5 3.5-7.5-4-96-53.5-8-5v-129l9.5-4.5 86.5-37.5V141l10-4 96-38.5zm0 35l-52.5 20.5L256 172l52.5-20.5zm-80 44v74l64 28.5v-78zm160 0l-64 24.5v78l64-28.5v-74zM160 277l-58 25 58 29 58-28.5zm192 0l-40 17.5-18 8 58 28.5 58-29zM80 326.5V401l64 36v-78.5zm352 0l-64 32V437l64-36v-74.5zm-192 1l-64 31V438l64-32v-78.5zm32 0V406l64 32v-79.5z\"><\/path><\/svg><\/span><\/div>\n            <div\n              data-colibri-id=\"12-c18\" class=\"h-global-transition-all h-heading style-243 style-local-12-c18 position-relative h-element\">\n              <!---->\n              <div class=\"h-heading__outer style-243 style-local-12-c18\">\n                <!---->\n                <!---->\n                <h5 class=\"\">LED TABELA<\/h5>\n              <\/div>\n          <\/div>\n          <div data-colibri-id=\"12-c19\" class=\"h-text h-text-component style-244 style-local-12-c19 position-relative h-element\">\n            <!---->\n            <!---->\n            <div class=\"\">\n              <p><span style=\"font-weight: 400; font-size: 16px; font-family: &quot;Open Sans&quot;; color: rgb(102, 102, 102);\">0552 380 30 36<\/span><\/p>\n            <\/div>\n          <\/div>\n        <\/div>\n      <\/div>\n    <\/div>\n    <div class=\"h-column h-column-container d-flex h-col-lg-3 h-col-md-3 h-col-12 style-245-outer style-local-12-c20-outer\">\n      <div data-colibri-id=\"12-c20\" class=\"d-flex h-flex-basis h-column__inner h-px-lg-3 h-px-md-3 h-px-2 v-inner-lg-3 v-inner-md-3 v-inner-2 style-245 style-local-12-c20 position-relative\">\n        <!---->\n        <!---->\n        <div class=\"w-100 h-y-container h-column__content h-column__v-align flex-basis-100 align-self-lg-center align-self-md-center align-self-center\">\n          <!---->\n          <div data-colibri-id=\"12-c21\" class=\"h-icon style-242 style-local-12-c21 position-relative h-element\">\n            <!----><span class=\"h-svg-icon h-icon__icon style-242-icon style-local-12-c21-icon\"><!--Icon by Icons8 Line Awesome (https:\/\/icons8.com\/line-awesome)--><svg version=\"1.1\" xmlns=\"http:\/\/www.w3.org\/2000\/svg\" xmlns:xlink=\"http:\/\/www.w3.org\/1999\/xlink\" id=\"area-chart\" viewBox=\"0 0 512 545.5\"><path d=\"M448 97v383H64V204.5l19 4 73 14.5 91-60.5 5.5-3.5 6 1 89.5 15 74-58zm-32 65.5l-54 42-5.5 4.5-7-1-90-15-90.5 60.5-5.5 3.5-6.5-1.5-61-12V309l62 25 89-59.5 6.5-4 7.5 2.5 87.5 29 67.5-53.5v-86zm0 127l-54 43-7 5.5-8-3-88-29.5-90 60-7 4.5-8-3-58-23v104h320V289.5z\"><\/path><\/svg><\/span><\/div>\n          <div\n            data-colibri-id=\"12-c22\" class=\"h-global-transition-all h-heading style-243 style-local-12-c22 position-relative h-element\">\n            <!---->\n            <div class=\"h-heading__outer style-243 style-local-12-c22\">\n              <!---->\n              <!---->\n              <h5 class=\"\">DEKORASYON<\/h5>\n            <\/div>\n        <\/div>\n        <div data-colibri-id=\"12-c23\" class=\"h-text h-text-component style-244 style-local-12-c23 position-relative h-element\">\n          <!---->\n          <!---->\n          <div class=\"\">\n            <p><span style=\"font-weight: 400; font-size: 16px; font-family: &quot;Open Sans&quot;; color: rgb(102, 102, 102);\">0552 380 30 36<\/span><\/p>\n          <\/div>\n        <\/div>\n      <\/div>\n    <\/div>\n  <\/div>\n<\/div>\n<\/div>\n<\/div>\n<\/div>\n<div data-colibri-component=\"section\" data-colibri-id=\"12-c24\" id=\"about\" class=\"h-section h-section-global-spacing d-flex align-items-lg-center align-items-md-center align-items-center style-303 style-local-12-c24 position-relative\">\n  <!---->\n  <!---->\n  <div class=\"h-section-grid-container h-section-boxed-container\">\n    <!---->\n    <div data-colibri-id=\"12-c25\" class=\"h-row-container gutters-row-lg-2 gutters-row-md-2 gutters-row-2 gutters-row-v-lg-2 gutters-row-v-md-2 gutters-row-v-2 style-304 style-local-12-c25 position-relative\">\n      <!---->\n      <div class=\"h-row justify-content-lg-center justify-content-md-center justify-content-center align-items-lg-stretch align-items-md-stretch align-items-stretch gutters-col-lg-2 gutters-col-md-2 gutters-col-2 gutters-col-v-lg-2 gutters-col-v-md-2 gutters-col-v-2\">\n        <!---->\n        <div class=\"h-column h-column-container d-flex h-col-lg-auto h-col-md-auto h-col-auto style-305-outer style-local-12-c26-outer\">\n          <div data-colibri-id=\"12-c26\" class=\"d-flex h-flex-basis h-column__inner h-px-lg-2 h-px-md-2 h-px-2 v-inner-lg-2 v-inner-md-2 v-inner-2 style-305 style-local-12-c26 position-relative\">\n            <!---->\n            <!---->\n            <div class=\"w-100 h-y-container h-column__content h-column__v-align flex-basis-100 align-self-lg-center align-self-md-center align-self-center\">\n              <!---->\n              <div data-colibri-id=\"12-c27\" class=\"h-global-transition-all h-heading style-306 style-local-12-c27 position-relative h-element\">\n                <!---->\n                <div class=\"h-heading__outer style-306 style-local-12-c27\">\n                  <!---->\n                  <!---->\n                  <h6 class=\"\">\u00c7AKIR DEKOR LED<\/h6>\n                <\/div>\n              <\/div>\n              <div data-colibri-id=\"12-c28\" class=\"h-global-transition-all h-heading style-307 style-local-12-c28 position-relative h-element\">\n                <!---->\n                <div class=\"h-heading__outer style-307 style-local-12-c28\">\n                  <!---->\n                  <!---->\n                  <h2 class=\"\">Led&nbsp;<em style=\"font-family: &quot;Playfair Display&quot;; color: rgb(247, 144, 7);\">dizayn<\/em> ve&nbsp;<em style=\"font-family: &quot;Playfair Display&quot;; color: rgb(247, 144, 7);\">dekor<\/em>\n                    <br> tasar\u0131m d\u00fcnyas\u0131<\/h2>\n                <\/div>\n              <\/div>\n              <div data-colibri-id=\"12-c29\" class=\"h-text h-text-component style-308 style-local-12-c29 position-relative h-element\">\n                <!---->\n                <!---->\n                <div class=\"\">\n                  <p>Led tabela , I\u015f\u0131kl\u0131 Tabela, Kayan Yaz\u0131, Led Dekor, <span style=\"font-weight: 400; font-size: 16px; font-family: &quot;Open Sans&quot;; color: rgb(102, 102, 102);\">Ev dekorasyonu,<\/span><\/p>\n                <\/div>\n              <\/div>\n              <div data-colibri-id=\"12-c30\" class=\"h-x-container style-309 style-local-12-c30 position-relative h-element\">\n                <!---->\n                <div class=\"h-x-container-inner style-dynamic-12-c30-group style-309-spacing style-local-12-c30-spacing\"><span class=\"h-button__outer style-310-outer style-local-12-c31-outer d-inline-flex h-element\"><a h-use-smooth-scroll=\"true\" href=\"\"  data-colibri-id=\"12-c31\" class=\"d-flex w-100 align-items-center h-button justify-content-lg-center justify-content-md-center justify-content-center style-310 style-local-12-c31 position-relative\"><!----><!----> <span>\u00c7AKIR LED UYGUN F\u0130YAT 0552 380 30 36<\/span><\/a>\n                  <\/span>\n                <\/div>\n              <\/div>\n            <\/div>\n          <\/div>\n        <\/div>\n        <div class=\"h-column h-column-container d-flex h-col-lg-auto h-col-md-auto h-col-auto style-311-outer style-local-12-c32-outer\">\n          <div data-colibri-id=\"12-c32\" class=\"d-flex h-flex-basis h-column__inner h-px-lg-2 h-px-md-2 h-px-2 v-inner-lg-2 v-inner-md-2 v-inner-2 style-311 style-local-12-c32 position-relative\">\n            <!---->\n            <!---->\n            <div class=\"w-100 h-y-container h-column__content h-column__v-align flex-basis-100 align-self-lg-center align-self-md-center align-self-center\">\n              <!---->\n              <div data-colibri-id=\"12-c33\" class=\"d-block style-312 style-local-12-c33 position-relative h-element\">\n                <!---->\n                <div class=\"h-image__frame-container-outer\">\n                  <div class=\"h-image__frame-container\">\n                    <!---->\n                    <!---->\n                    <img loading=\"lazy\" width=\"1028\" height=\"641\" src=\"http:\/\/www.cakirdekorled.com\/wp-content\/uploads\/2022\/01\/cakir1000adetNOrmal-kart-kart.png\" class=\"wp-image-98 style-312-image style-local-12-c33-image\" srcset=\"http:\/\/www.cakirdekorled.com\/wp-content\/uploads\/2022\/01\/cakir1000adetNOrmal-kart-kart.png 1028w, http:\/\/www.cakirdekorled.com\/wp-content\/uploads\/2022\/01\/cakir1000adetNOrmal-kart-kart-300x187.png 300w, http:\/\/www.cakirdekorled.com\/wp-content\/uploads\/2022\/01\/cakir1000adetNOrmal-kart-kart-1024x639.png 1024w, http:\/\/www.cakirdekorled.com\/wp-content\/uploads\/2022\/01\/cakir1000adetNOrmal-kart-kart-768x479.png 768w\" sizes=\"(max-width: 1028px) 100vw, 1028px\" alt=\"\" \/>\n                    <div class=\"h-image__frame h-hide-sm style-312-frameImage style-local-12-c33-frameImage\"><\/div>\n                  <\/div>\n                <\/div>\n              <\/div>\n            <\/div>\n          <\/div>\n        <\/div>\n      <\/div>\n    <\/div>\n  <\/div>\n<\/div>\n<\/div>","protected":false},"excerpt":{"rendered":"<p>\u00c7AKIR DEKOR LED 0552 380 30 36 DEKOR LED 0552 380 30 36 LED TABELA 0552 380 30 36 DEKORASYON 0552 380 30 36 \u00c7AKIR DEKOR LED Led&nbsp;dizayn ve&nbsp;dekor tasar\u0131m d\u00fcnyas\u0131 Led tabela , I\u015f\u0131kl\u0131 Tabela, Kayan Yaz\u0131, Led Dekor, Ev dekorasyonu, \u00c7AKIR LED UYGUN F\u0130YAT 0552 380 30 36<\/p>\n","protected":false},"author":1,"featured_media":0,"parent":2,"menu_order":0,"comment_status":"closed","ping_status":"closed","template":"page-templates\/full-width-page.php","meta":[],"_links":{"self":[{"href":"http:\/\/www.cakirdekorled.com\/index.php?rest_route=\/wp\/v2\/pages\/12"}],"collection":[{"href":"http:\/\/www.cakirdekorled.com\/index.php?rest_route=\/wp\/v2\/pages"}],"about":[{"href":"http:\/\/www.cakirdekorled.com\/index.php?rest_route=\/wp\/v2\/types\/page"}],"author":[{"embeddable":true,"href":"http:\/\/www.cakirdekorled.com\/index.php?rest_route=\/wp\/v2\/users\/1"}],"replies":[{"embeddable":true,"href":"http:\/\/www.cakirdekorled.com\/index.php?rest_route=%2Fwp%2Fv2%2Fcomments&post=12"}],"version-history":[{"count":20,"href":"http:\/\/www.cakirdekorled.com\/index.php?rest_route=\/wp\/v2\/pages\/12\/revisions"}],"predecessor-version":[{"id":310,"href":"http:\/\/www.cakirdekorled.com\/index.php?rest_route=\/wp\/v2\/pages\/12\/revisions\/310"}],"up":[{"embeddable":true,"href":"http:\/\/www.cakirdekorled.com\/index.php?rest_route=\/wp\/v2\/pages\/2"}],"wp:attachment":[{"href":"http:\/\/www.cakirdekorled.com\/index.php?rest_route=%2Fwp%2Fv2%2Fmedia&parent=12"}],"curies":[{"name":"wp","href":"https:\/\/api.w.org\/{rel}","templated":true}]}}